{"id":20928,"date":"2025-03-18T11:31:32","date_gmt":"2025-03-18T10:31:32","guid":{"rendered":"https:\/\/manantialdeoro.fin.ec\/?page_id=20928"},"modified":"2025-03-18T11:50:56","modified_gmt":"2025-03-18T10:50:56","slug":"ahorro-programado","status":"publish","type":"page","link":"https:\/\/manantialdeoro.fin.ec\/?page_id=20928","title":{"rendered":"Ahorro Programado"},"content":{"rendered":"\t\t<div data-elementor-type=\"wp-page\" data-elementor-id=\"20928\" class=\"elementor elementor-20928\">\n\t\t\t\t\t\t<section class=\"elementor-section elementor-top-section elementor-element elementor-element-080fc70 elementor-section-boxed elementor-section-height-default elementor-section-height-default\" data-id=\"080fc70\" data-element_type=\"section\">\n\t\t\t\t\t\t<div class=\"elementor-container elementor-column-gap-default\">\n\t\t\t\t\t<div class=\"elementor-column elementor-col-100 elementor-top-column elementor-element elementor-element-f1a24ec\" data-id=\"f1a24ec\" data-element_type=\"column\">\n\t\t\t<div class=\"elementor-widget-wrap elementor-element-populated\">\n\t\t\t\t\t\t<div class=\"elementor-element elementor-element-29fc94e elementor-invisible elementor-widget elementor-widget-image\" data-id=\"29fc94e\" data-element_type=\"widget\" data-settings=\"{&quot;_animation&quot;:&quot;fadeInDown&quot;}\" data-widget_type=\"image.default\">\n\t\t\t\t<div class=\"elementor-widget-container\">\n\t\t\t\t\t\t\t\t\t\t\t\t\t\t\t<img fetchpriority=\"high\" decoding=\"async\" width=\"1024\" height=\"267\" src=\"https:\/\/manantialdeoro.fin.ec\/wp-content\/uploads\/2025\/03\/Banner-Ahorro-Prestamo-1024x267.jpg\" class=\"attachment-large size-large wp-image-20917\" alt=\"\" srcset=\"https:\/\/manantialdeoro.fin.ec\/wp-content\/uploads\/2025\/03\/Banner-Ahorro-Prestamo-1024x267.jpg 1024w, https:\/\/manantialdeoro.fin.ec\/wp-content\/uploads\/2025\/03\/Banner-Ahorro-Prestamo-300x78.jpg 300w, https:\/\/manantialdeoro.fin.ec\/wp-content\/uploads\/2025\/03\/Banner-Ahorro-Prestamo-768x200.jpg 768w, https:\/\/manantialdeoro.fin.ec\/wp-content\/uploads\/2025\/03\/Banner-Ahorro-Prestamo-1536x400.jpg 1536w, https:\/\/manantialdeoro.fin.ec\/wp-content\/uploads\/2025\/03\/Banner-Ahorro-Prestamo-600x156.jpg 600w, https:\/\/manantialdeoro.fin.ec\/wp-content\/uploads\/2025\/03\/Banner-Ahorro-Prestamo.jpg 1920w\" sizes=\"(max-width: 1024px) 100vw, 1024px\" \/>\t\t\t\t\t\t\t\t\t\t\t\t\t\t\t<\/div>\n\t\t\t\t<\/div>\n\t\t\t\t\t<\/div>\n\t\t<\/div>\n\t\t\t\t\t<\/div>\n\t\t<\/section>\n\t\t<div class=\"elementor-element elementor-element-714ee14 e-flex e-con-boxed e-con e-parent\" data-id=\"714ee14\" data-element_type=\"container\">\n\t\t\t\t\t<div class=\"e-con-inner\">\n\t\t\t\t<div class=\"elementor-element elementor-element-a8d68b2 elementor-invisible elementor-widget elementor-widget-heading\" data-id=\"a8d68b2\" data-element_type=\"widget\" data-settings=\"{&quot;_animation&quot;:&quot;fadeInDown&quot;}\" data-widget_type=\"heading.default\">\n\t\t\t\t<div class=\"elementor-widget-container\">\n\t\t\t\t\t<h2 class=\"elementor-heading-title elementor-size-default\">AHORRO PROGRAMADO<\/h2>\t\t\t\t<\/div>\n\t\t\t\t<\/div>\n\t\t\t\t\t<\/div>\n\t\t\t\t<\/div>\n\t\t<div class=\"elementor-element elementor-element-cdda74d e-flex e-con-boxed elementor-invisible e-con e-parent\" data-id=\"cdda74d\" data-element_type=\"container\" data-settings=\"{&quot;animation&quot;:&quot;fadeInDown&quot;}\">\n\t\t\t\t\t<div class=\"e-con-inner\">\n\t\t\t\t<div class=\"elementor-element elementor-element-153747f elementor-invisible elementor-widget elementor-widget-text-editor\" data-id=\"153747f\" data-element_type=\"widget\" data-settings=\"{&quot;_animation&quot;:&quot;fadeInDown&quot;}\" data-widget_type=\"text-editor.default\">\n\t\t\t\t<div class=\"elementor-widget-container\">\n\t\t\t\t\t\t\t\t\t<p style=\"text-align: center;\">Cuenta de ahorros el cual consta de un plan mensual de acreditaci\u00f3n de capital a cambio de una retribuci\u00f3n acumulativa de inter\u00e9s.<\/p>\t\t\t\t\t\t\t\t<\/div>\n\t\t\t\t<\/div>\n\t\t\t\t\t<\/div>\n\t\t\t\t<\/div>\n\t\t<div class=\"elementor-element elementor-element-220d5fb e-grid e-con-boxed elementor-invisible e-con e-parent\" data-id=\"220d5fb\" data-element_type=\"container\" data-settings=\"{&quot;animation&quot;:&quot;fadeInDown&quot;}\">\n\t\t\t\t\t<div class=\"e-con-inner\">\n\t\t\t\t<div class=\"elementor-element elementor-element-880db86 elementor-widget elementor-widget-spacer\" data-id=\"880db86\" data-element_type=\"widget\" data-widget_type=\"spacer.default\">\n\t\t\t\t<div class=\"elementor-widget-container\">\n\t\t\t\t\t\t\t<div class=\"elementor-spacer\">\n\t\t\t<div class=\"elementor-spacer-inner\"><\/div>\n\t\t<\/div>\n\t\t\t\t\t\t<\/div>\n\t\t\t\t<\/div>\n\t\t\t\t<div class=\"elementor-element elementor-element-ef20324 elementor-align-justify elementor-widget elementor-widget-button\" data-id=\"ef20324\" data-element_type=\"widget\" data-widget_type=\"button.default\">\n\t\t\t\t<div class=\"elementor-widget-container\">\n\t\t\t\t\t\t\t\t\t<div class=\"elementor-button-wrapper\">\n\t\t\t\t\t<a class=\"elementor-button elementor-button-link elementor-size-sm\" href=\"https:\/\/manantialdeoro.fin.ec\/?page_id=4696\" target=\"_blank\">\n\t\t\t\t\t\t<span class=\"elementor-button-content-wrapper\">\n\t\t\t\t\t\t\t\t\t<span class=\"elementor-button-text\">Agencias<\/span>\n\t\t\t\t\t<\/span>\n\t\t\t\t\t<\/a>\n\t\t\t\t<\/div>\n\t\t\t\t\t\t\t\t<\/div>\n\t\t\t\t<\/div>\n\t\t\t\t\t<\/div>\n\t\t\t\t<\/div>\n\t\t<div class=\"elementor-element elementor-element-5cc3365 e-flex e-con-boxed e-con e-parent\" data-id=\"5cc3365\" data-element_type=\"container\">\n\t\t\t\t\t<div class=\"e-con-inner\">\n\t\t<div class=\"elementor-element elementor-element-578ed2d e-con-full e-flex e-con e-child\" data-id=\"578ed2d\" data-element_type=\"container\">\n\t\t\t\t<div class=\"elementor-element elementor-element-6bc53da elementor-invisible elementor-widget elementor-widget-heading\" data-id=\"6bc53da\" data-element_type=\"widget\" data-settings=\"{&quot;_animation&quot;:&quot;fadeInDown&quot;}\" data-widget_type=\"heading.default\">\n\t\t\t\t<div class=\"elementor-widget-container\">\n\t\t\t\t\t<h2 class=\"elementor-heading-title elementor-size-default\">Ventajas<\/h2>\t\t\t\t<\/div>\n\t\t\t\t<\/div>\n\t\t<div class=\"elementor-element elementor-element-251e303 e-grid e-con-full e-con e-child\" data-id=\"251e303\" data-element_type=\"container\">\n\t\t\t\t<div class=\"elementor-element elementor-element-2462d6d elementor-invisible elementor-widget elementor-widget-text-editor\" data-id=\"2462d6d\" data-element_type=\"widget\" data-settings=\"{&quot;_animation&quot;:&quot;fadeInDown&quot;}\" data-widget_type=\"text-editor.default\">\n\t\t\t\t<div class=\"elementor-widget-container\">\n\t\t\t\t\t\t\t\t\t<ul><li>Tasa de inter\u00e9s: 5<b>%<\/b><\/li><li>Acceso a canales digitales<\/li><\/ul>\t\t\t\t\t\t\t\t<\/div>\n\t\t\t\t<\/div>\n\t\t\t\t<\/div>\n\t\t<div class=\"elementor-element elementor-element-f0d93d9 e-grid e-con-full e-con e-child\" data-id=\"f0d93d9\" data-element_type=\"container\">\n\t\t\t\t<div class=\"elementor-element elementor-element-84f96a8 elementor-invisible elementor-widget elementor-widget-text-editor\" data-id=\"84f96a8\" data-element_type=\"widget\" data-settings=\"{&quot;_animation&quot;:&quot;fadeInDown&quot;}\" data-widget_type=\"text-editor.default\">\n\t\t\t\t<div class=\"elementor-widget-container\">\n\t\t\t\t\t\t\t\t\t<h4><strong>Condiciones del contrato<\/strong><\/h4><ul><li>Monto de apertura: Desde 10 USD<\/li><li>Plazo m\u00ednimo: 6 meses<\/li><\/ul>\t\t\t\t\t\t\t\t<\/div>\n\t\t\t\t<\/div>\n\t\t\t\t<\/div>\n\t\t\t\t<\/div>\n\t\t<div class=\"elementor-element elementor-element-bd92fbf e-con-full e-flex e-con e-child\" data-id=\"bd92fbf\" data-element_type=\"container\">\n\t\t\t\t<div class=\"elementor-element elementor-element-33cba90 elementor-view-default elementor-invisible elementor-widget elementor-widget-icon\" data-id=\"33cba90\" data-element_type=\"widget\" data-settings=\"{&quot;_animation&quot;:&quot;fadeInDown&quot;}\" data-widget_type=\"icon.default\">\n\t\t\t\t<div class=\"elementor-widget-container\">\n\t\t\t\t\t\t\t<div class=\"elementor-icon-wrapper\">\n\t\t\t<div class=\"elementor-icon elementor-animation-pop\">\n\t\t\t<i aria-hidden=\"true\" class=\"flaticon flaticon-money-3\"><\/i>\t\t\t<\/div>\n\t\t<\/div>\n\t\t\t\t\t\t<\/div>\n\t\t\t\t<\/div>\n\t\t\t\t<\/div>\n\t\t\t\t\t<\/div>\n\t\t\t\t<\/div>\n\t\t<div class=\"elementor-element elementor-element-c099b3b e-flex e-con-boxed e-con e-parent\" data-id=\"c099b3b\" data-element_type=\"container\">\n\t\t\t\t\t<div class=\"e-con-inner\">\n\t\t\t\t<div class=\"elementor-element elementor-element-9b88069 elementor-widget elementor-widget-spacer\" data-id=\"9b88069\" data-element_type=\"widget\" data-widget_type=\"spacer.default\">\n\t\t\t\t<div class=\"elementor-widget-container\">\n\t\t\t\t\t\t\t<div class=\"elementor-spacer\">\n\t\t\t<div class=\"elementor-spacer-inner\"><\/div>\n\t\t<\/div>\n\t\t\t\t\t\t<\/div>\n\t\t\t\t<\/div>\n\t\t\t\t\t<\/div>\n\t\t\t\t<\/div>\n\t\t<div class=\"elementor-element elementor-element-f36e291 e-flex e-con-boxed e-con e-parent\" data-id=\"f36e291\" data-element_type=\"container\">\n\t\t\t\t\t<div class=\"e-con-inner\">\n\t\t<div class=\"elementor-element elementor-element-a330148 e-con-full e-flex e-con e-child\" data-id=\"a330148\" data-element_type=\"container\">\n\t\t\t\t<div class=\"elementor-element elementor-element-a8fef47 elementor-widget elementor-widget-image\" data-id=\"a8fef47\" data-element_type=\"widget\" data-widget_type=\"image.default\">\n\t\t\t\t<div class=\"elementor-widget-container\">\n\t\t\t\t\t\t\t\t\t\t\t\t\t\t\t<img decoding=\"async\" width=\"672\" height=\"384\" src=\"https:\/\/manantialdeoro.fin.ec\/wp-content\/uploads\/2025\/03\/Imagen-Ahorro-Prestamo.png\" class=\"elementor-animation-shrink attachment-large size-large wp-image-20918\" alt=\"\" srcset=\"https:\/\/manantialdeoro.fin.ec\/wp-content\/uploads\/2025\/03\/Imagen-Ahorro-Prestamo.png 672w, https:\/\/manantialdeoro.fin.ec\/wp-content\/uploads\/2025\/03\/Imagen-Ahorro-Prestamo-300x171.png 300w, https:\/\/manantialdeoro.fin.ec\/wp-content\/uploads\/2025\/03\/Imagen-Ahorro-Prestamo-600x343.png 600w\" sizes=\"(max-width: 672px) 100vw, 672px\" \/>\t\t\t\t\t\t\t\t\t\t\t\t\t\t\t<\/div>\n\t\t\t\t<\/div>\n\t\t\t\t<\/div>\n\t\t<div class=\"elementor-element elementor-element-2d575af e-con-full e-flex e-con e-child\" data-id=\"2d575af\" data-element_type=\"container\">\n\t\t<div class=\"elementor-element elementor-element-be0c08b e-con-full e-flex e-con e-child\" data-id=\"be0c08b\" data-element_type=\"container\">\n\t\t\t\t<div class=\"elementor-element elementor-element-d0a2352 elementor-invisible elementor-widget elementor-widget-heading\" data-id=\"d0a2352\" data-element_type=\"widget\" data-settings=\"{&quot;_animation&quot;:&quot;fadeInDown&quot;}\" data-widget_type=\"heading.default\">\n\t\t\t\t<div class=\"elementor-widget-container\">\n\t\t\t\t\t<h2 class=\"elementor-heading-title elementor-size-default\">Requisitos<\/h2>\t\t\t\t<\/div>\n\t\t\t\t<\/div>\n\t\t\t\t<\/div>\n\t\t<div class=\"elementor-element elementor-element-b35d33b e-grid e-con-full e-con e-child\" data-id=\"b35d33b\" data-element_type=\"container\">\n\t\t\t\t<div class=\"elementor-element elementor-element-c35ac34 elementor-invisible elementor-widget elementor-widget-text-editor\" data-id=\"c35ac34\" data-element_type=\"widget\" data-settings=\"{&quot;_animation&quot;:&quot;fadeInDown&quot;}\" data-widget_type=\"text-editor.default\">\n\t\t\t\t<div class=\"elementor-widget-container\">\n\t\t\t\t\t\t\t\t\t<ul><li>Planilla de servicio b\u00e1sico actualizada<\/li><li>Copia de c\u00e9dula de ciudadan\u00eda<\/li><li style=\"text-align: left;\">Mayor de 18 a\u00f1os<\/li><\/ul>\t\t\t\t\t\t\t\t<\/div>\n\t\t\t\t<\/div>\n\t\t\t\t<\/div>\n\t\t\t\t<\/div>\n\t\t\t\t\t<\/div>\n\t\t\t\t<\/div>\n\t\t<div class=\"elementor-element elementor-element-6e2e12a e-flex e-con-boxed e-con e-parent\" data-id=\"6e2e12a\" data-element_type=\"container\">\n\t\t\t\t\t<div class=\"e-con-inner\">\n\t\t\t\t<div class=\"elementor-element elementor-element-70cf4c0 elementor-widget elementor-widget-spacer\" data-id=\"70cf4c0\" data-element_type=\"widget\" data-widget_type=\"spacer.default\">\n\t\t\t\t<div class=\"elementor-widget-container\">\n\t\t\t\t\t\t\t<div class=\"elementor-spacer\">\n\t\t\t<div class=\"elementor-spacer-inner\"><\/div>\n\t\t<\/div>\n\t\t\t\t\t\t<\/div>\n\t\t\t\t<\/div>\n\t\t\t\t\t<\/div>\n\t\t\t\t<\/div>\n\t\t\t\t<section class=\"elementor-section elementor-top-section elementor-element elementor-element-af1b0fe elementor-section-content-middle elementor-section-boxed elementor-section-height-default elementor-section-height-default\" data-id=\"af1b0fe\" data-element_type=\"section\" data-settings=\"{&quot;background_background&quot;:&quot;classic&quot;}\">\n\t\t\t\t\t\t<div class=\"elementor-container elementor-column-gap-no\">\n\t\t\t\t\t<div class=\"elementor-column elementor-col-50 elementor-top-column elementor-element elementor-element-958bd01\" data-id=\"958bd01\" data-element_type=\"column\">\n\t\t\t<div class=\"elementor-widget-wrap elementor-element-populated\">\n\t\t\t\t\t\t<div class=\"elementor-element elementor-element-3efc4d3 elementor-widget elementor-widget-heading\" data-id=\"3efc4d3\" data-element_type=\"widget\" data-widget_type=\"heading.default\">\n\t\t\t\t<div class=\"elementor-widget-container\">\n\t\t\t\t\t<h2 class=\"elementor-heading-title elementor-size-default\">\u00a1EMPIEZA A AHORRAR!<\/h2>\t\t\t\t<\/div>\n\t\t\t\t<\/div>\n\t\t\t\t<div class=\"elementor-element elementor-element-b3e0590 elementor-widget elementor-widget-heading\" data-id=\"b3e0590\" data-element_type=\"widget\" data-widget_type=\"heading.default\">\n\t\t\t\t<div class=\"elementor-widget-container\">\n\t\t\t\t\t<h2 class=\"elementor-heading-title elementor-size-default\">Escr\u00edbenos o Vis\u00edtanos<\/h2>\t\t\t\t<\/div>\n\t\t\t\t<\/div>\n\t\t\t\t<div class=\"elementor-element elementor-element-af53840 elementor-widget elementor-widget-button\" data-id=\"af53840\" data-element_type=\"widget\" data-widget_type=\"button.default\">\n\t\t\t\t<div class=\"elementor-widget-container\">\n\t\t\t\t\t\t\t\t\t<div class=\"elementor-button-wrapper\">\n\t\t\t\t\t<a class=\"elementor-button elementor-button-link elementor-size-sm\" href=\"https:\/\/manantialdeoro.fin.ec\/?page_id=4696\">\n\t\t\t\t\t\t<span class=\"elementor-button-content-wrapper\">\n\t\t\t\t\t\t\t\t\t<span class=\"elementor-button-text\">AGENCIAS<\/span>\n\t\t\t\t\t<\/span>\n\t\t\t\t\t<\/a>\n\t\t\t\t<\/div>\n\t\t\t\t\t\t\t\t<\/div>\n\t\t\t\t<\/div>\n\t\t\t\t\t<\/div>\n\t\t<\/div>\n\t\t\t\t<div class=\"elementor-column elementor-col-50 elementor-top-column elementor-element elementor-element-caa96a3\" data-id=\"caa96a3\" data-element_type=\"column\">\n\t\t\t<div class=\"elementor-widget-wrap elementor-element-populated\">\n\t\t\t\t\t\t<div class=\"elementor-element elementor-element-db53263 elementor-widget elementor-widget-image\" data-id=\"db53263\" data-element_type=\"widget\" data-widget_type=\"image.default\">\n\t\t\t\t<div class=\"elementor-widget-container\">\n\t\t\t\t\t\t\t\t\t\t\t\t\t\t\t<img decoding=\"async\" width=\"513\" height=\"583\" src=\"https:\/\/manantialdeoro.fin.ec\/wp-content\/uploads\/2021\/01\/slider-cybersecurity-slide-01.png\" class=\"attachment-large size-large wp-image-2857\" alt=\"\" srcset=\"https:\/\/manantialdeoro.fin.ec\/wp-content\/uploads\/2021\/01\/slider-cybersecurity-slide-01.png 513w, https:\/\/manantialdeoro.fin.ec\/wp-content\/uploads\/2021\/01\/slider-cybersecurity-slide-01-264x300.png 264w\" sizes=\"(max-width: 513px) 100vw, 513px\" \/>\t\t\t\t\t\t\t\t\t\t\t\t\t\t\t<\/div>\n\t\t\t\t<\/div>\n\t\t\t\t\t<\/div>\n\t\t<\/div>\n\t\t\t\t\t<\/div>\n\t\t<\/section>\n\t\t\t\t<section class=\"elementor-section elementor-top-section elementor-element elementor-element-23b256b elementor-section-boxed elementor-section-height-default elementor-section-height-default\" data-id=\"23b256b\" data-element_type=\"section\">\n\t\t\t\t\t\t<div class=\"elementor-container elementor-column-gap-default\">\n\t\t\t\t\t<div class=\"elementor-column elementor-col-100 elementor-top-column elementor-element elementor-element-55b955c\" data-id=\"55b955c\" data-element_type=\"column\">\n\t\t\t<div class=\"elementor-widget-wrap elementor-element-populated\">\n\t\t\t\t\t\t<div class=\"elementor-element elementor-element-8978aa1 elementor-invisible elementor-widget elementor-widget-sectiontitle\" data-id=\"8978aa1\" data-element_type=\"widget\" data-settings=\"{&quot;_animation&quot;:&quot;fadeInDown&quot;}\" data-widget_type=\"sectiontitle.default\">\n\t\t\t\t<div class=\"elementor-widget-container\">\n\t\t\t\t\t\r\n\t\t\t\t\t<div class=\"style-six\">\r\n\r\n\t\t\t\t<div class=\"section-title t_center\">\r\n\t\t\t\t\t \r\n\t\t\t\t\t\t<h5>Testimonios<\/h5>\r\n\t\t\t\t\t\r\n\t\t\t\t\t \r\n\t\t\t\t\t\t<h3>\u00bfQu\u00e9 dicen nuestros Socios?<\/h3>\r\n\t\t\t\t\t\r\n\t\t\t\t\t\r\n\t\t\t\t\t\r\n\r\n\r\n\t\t\t\t<\/div>\t\r\n\r\n\t\t\t<\/div>\r\n\r\n\t\t\r\n\t\t\t\t\t\t<\/div>\n\t\t\t\t<\/div>\n\t\t\t\t<section class=\"elementor-section elementor-inner-section elementor-element elementor-element-29a7b0b elementor-section-boxed elementor-section-height-default elementor-section-height-default\" data-id=\"29a7b0b\" data-element_type=\"section\">\n\t\t\t\t\t\t<div class=\"elementor-container elementor-column-gap-default\">\n\t\t\t\t\t<div class=\"elementor-column elementor-col-100 elementor-inner-column elementor-element elementor-element-ec520ab\" data-id=\"ec520ab\" data-element_type=\"column\">\n\t\t\t<div class=\"elementor-widget-wrap elementor-element-populated\">\n\t\t\t\t\t\t<div class=\"elementor-element elementor-element-496028a elementor-widget elementor-widget-testimonial\" data-id=\"496028a\" data-element_type=\"widget\" data-widget_type=\"testimonial.default\">\n\t\t\t\t<div class=\"elementor-widget-container\">\n\t\t\t\t\t\t\t\r\n\r\n\t\t\r\n\t\t\t<div class=\"testimonial_list owl-carousel owl-loaded curosel-style owl-loaded owl-drag testimonial-style-three\">\r\n\r\n\t\t\t\t\t\t\t\t<div class=\"col-md-12\">\t\r\n\r\n\t\t\t\t\t<div class=\"single_testimonial\">\r\n\t\t\t\t\t\t\t\t\t\t\t\t\t\r\n\t\t\t\t\t\t\r\n\t\t\t\t\t\t\t\t\t\t\t\t\t\r\n\t\t\t\t\t\t<div class=\"testi_content\">\r\n\t\t\t\t\t\t\t<div class=\"em_testi_text\">\r\n\t\t\t\t\t\t\t\tMis ahorros est\u00e1n siempre seguros en la Cooperativa, ya que tienen 18 a\u00f1os en Machachi la confianza de guardar mi dinero es certera\t\t\t\t\t\t\t<\/div>\r\n\t\t\t\t\t\t<\/div>\r\n\r\n\t\t\t\t\t\t<div class=\"test_thumb\">\r\n\t\t\t\t\t\t\t<img decoding=\"async\" src=\"https:\/\/wp.ditsolution.net\/techno-new\/wp-content\/uploads\/2022\/09\/Digital-Agency-1.png\" alt=\"\">\r\n\t\t\t\t\t\t<\/div>\r\n\r\n\t\t\t\t\t\t<div class=\"testi_title\">\r\n\r\n\t\t\t\t\t\t\t<div class=\"reviews_rating\">\r\n\r\n\t\t\t\t\t\t\t\t\t\t\t\t\t\t\t\t<div class=\"testi-star\">\r\n\t\t\t\t\t\t\t\t\t<i class=\"fa fa-star active\"><\/i>\r\n\t\t\t\t\t\t\t\t\t<i class=\"fa fa-star active\"><\/i>\r\n\t\t\t\t\t\t\t\t\t<i class=\"fa fa-star active\"><\/i>\r\n\t\t\t\t\t\t\t\t\t<i class=\"fa fa-star active\"><\/i>\r\n\t\t\t\t\t\t\t\t\t<i class=\"fa fa-star active\"><\/i>\r\n\t\t\t\t\t\t\t\t<\/div>\r\n\t\t\t\t\t\t\t\t\t\t\t\t\r\n\t\t\t\t\t\t\t\t\r\n\t\t\t\t\t\t\t\t\t\t\t\t\t\t\t\t\r\n\t\t\t\t\t\t\t\t\t\t\t\t\t\t\t\t\r\n\t\t\t\t\t\t\t\t\t\t\t\t\t\t\t\t\r\n\t\t\t\t\t\t\t\t\t\t\t\t\t\t\t<\/div><!-- .reviews_rating -->\r\n\r\n\t\t\t\t\t\t\t<h2>Liliana Madero<span>Socio<\/span><\/h2>\r\n\t\t\t\t\t\t<\/div>\r\n\r\n\t\t\t\t\t<\/div>\r\n\t\t\t\t<\/div>\r\n\t\t\t\t\t\t\t<\/div>\r\n            <script>\r\n            \tjQuery(document).ready(function($) {\r\n            \t\t\"use strict\";\r\n            \t\t$('.testimonial_list').owlCarousel({\r\n            \t\tloop: true,\r\n            \t\tautoplay: false,\r\n            \t\tautoplayTimeout: 10000,\r\n            \t\tdots: true,\r\n            \t\tnav: false,\r\n            \t\tnavText: [\"<i class='flaticon-back-1'><\/i>\", \"<i class='fa fa-angle-right'><\/i>\"],\r\n            \t\tresponsive: {\r\n            \t\t\t0: {\r\n            \t\t\t\titems: 1\r\n            \t\t\t},\r\n            \t\t\t768: {\r\n            \t\t\t\titems: 2\r\n            \t\t\t},\r\n            \t\t\t992: {\r\n            \t\t\t\titems: 2\r\n            \t\t\t},\r\n            \t\t\t1000: {\r\n            \t\t\t\titems: 3\r\n            \t\t\t},\r\n            \t\t\t1920: {\r\n            \t\t\t\titems: 3,\r\n            \t\t\t}\r\n            \t\t}\r\n            \t})\r\n            \t});\r\n            <\/script>\t\t\t\r\n\t\t\r\n\t\t\t\t\t\t\t\t\t\r\n\t\t\t\t\t\t<\/div>\n\t\t\t\t<\/div>\n\t\t\t\t\t<\/div>\n\t\t<\/div>\n\t\t\t\t\t<\/div>\n\t\t<\/section>\n\t\t\t\t\t<\/div>\n\t\t<\/div>\n\t\t\t\t\t<\/div>\n\t\t<\/section>\n\t\t\t\t<\/div>\n\t\t","protected":false},"excerpt":{"rendered":"<p>AHORRO PROGRAMADO Cuenta de ahorros el cual consta de un plan mensual de acreditaci\u00f3n de capital a cambio de una [&hellip;]<\/p>\n","protected":false},"author":3,"featured_media":0,"parent":0,"menu_order":0,"comment_status":"closed","ping_status":"closed","template":"","meta":{"site-sidebar-layout":"default","site-content-layout":"","ast-site-content-layout":"","site-content-style":"default","site-sidebar-style":"default","ast-global-header-display":"","ast-banner-title-visibility":"","ast-main-header-display":"","ast-hfb-above-header-display":"","ast-hfb-below-header-display":"","ast-hfb-mobile-header-display":"","site-post-title":"disabled","ast-breadcrumbs-content":"","ast-featured-img":"","footer-sml-layout":"","theme-transparent-header-meta":"","adv-header-id-meta":"","stick-header-meta":"","header-above-stick-meta":"","header-main-stick-meta":"","header-below-stick-meta":"","astra-migrate-meta-layouts":"default","ast-page-background-enabled":"default","ast-page-background-meta":{"desktop":{"background-color":"var(--ast-global-color-4)","background-image":"","background-repeat":"repeat","background-position":"center center","background-size":"auto","background-attachment":"scroll","background-type":"","background-media":"","overlay-type":"","overlay-color":"","overlay-opacity":"","overlay-gradient":""},"tablet":{"background-color":"","background-image":"","background-repeat":"repeat","background-position":"center center","background-size":"auto","background-attachment":"scroll","background-type":"","background-media":"","overlay-type":"","overlay-color":"","overlay-opacity":"","overlay-gradient":""},"mobile":{"background-color":"","background-image":"","background-repeat":"repeat","background-position":"center center","background-size":"auto","background-attachment":"scroll","background-type":"","background-media":"","overlay-type":"","overlay-color":"","overlay-opacity":"","overlay-gradient":""}},"ast-content-background-meta":{"desktop":{"background-color":"var(--ast-global-color-5)","background-image":"","background-repeat":"repeat","background-position":"center center","background-size":"auto","background-attachment":"scroll","background-type":"","background-media":"","overlay-type":"","overlay-color":"","overlay-opacity":"","overlay-gradient":""},"tablet":{"background-color":"var(--ast-global-color-5)","background-image":"","background-repeat":"repeat","background-position":"center center","background-size":"auto","background-attachment":"scroll","background-type":"","background-media":"","overlay-type":"","overlay-color":"","overlay-opacity":"","overlay-gradient":""},"mobile":{"background-color":"var(--ast-global-color-5)","background-image":"","background-repeat":"repeat","background-position":"center center","background-size":"auto","background-attachment":"scroll","background-type":"","background-media":"","overlay-type":"","overlay-color":"","overlay-opacity":"","overlay-gradient":""}},"footnotes":""},"class_list":["post-20928","page","type-page","status-publish","hentry"],"_links":{"self":[{"href":"https:\/\/manantialdeoro.fin.ec\/index.php?rest_route=\/wp\/v2\/pages\/20928","targetHints":{"allow":["GET"]}}],"collection":[{"href":"https:\/\/manantialdeoro.fin.ec\/index.php?rest_route=\/wp\/v2\/pages"}],"about":[{"href":"https:\/\/manantialdeoro.fin.ec\/index.php?rest_route=\/wp\/v2\/types\/page"}],"author":[{"embeddable":true,"href":"https:\/\/manantialdeoro.fin.ec\/index.php?rest_route=\/wp\/v2\/users\/3"}],"replies":[{"embeddable":true,"href":"https:\/\/manantialdeoro.fin.ec\/index.php?rest_route=%2Fwp%2Fv2%2Fcomments&post=20928"}],"version-history":[{"count":7,"href":"https:\/\/manantialdeoro.fin.ec\/index.php?rest_route=\/wp\/v2\/pages\/20928\/revisions"}],"predecessor-version":[{"id":20973,"href":"https:\/\/manantialdeoro.fin.ec\/index.php?rest_route=\/wp\/v2\/pages\/20928\/revisions\/20973"}],"wp:attachment":[{"href":"https:\/\/manantialdeoro.fin.ec\/index.php?rest_route=%2Fwp%2Fv2%2Fmedia&parent=20928"}],"curies":[{"name":"wp","href":"https:\/\/api.w.org\/{rel}","templated":true}]}}